{"id":307,"date":"2025-06-23T11:04:30","date_gmt":"2025-06-23T09:04:30","guid":{"rendered":"https:\/\/umschulung-e-commerce.de\/onlineshop\/?post_type=product&#038;p=307"},"modified":"2025-06-23T11:35:34","modified_gmt":"2025-06-23T09:35:34","slug":"aufgaben-paket-marketing-loesungen-uebungen-marketing-mix-eis-cafe-pflaume","status":"publish","type":"product","link":"https:\/\/umschulung-e-commerce.de\/onlineshop\/produkt\/aufgaben-paket-marketing-loesungen-uebungen-marketing-mix-eis-cafe-pflaume\/","title":{"rendered":"Aufgaben-Paket Marketing \u2013 L\u00f6sungen \u00dcbungen Marketing-Mix Eis-Cafe Pflaume"},"content":{"rendered":"<p>Unsere L\u00f6sungsvorschl\u00e4ge zu den Marketing-Aufgaben aus der Produkt- und Preis-Politik.<\/p>\n<p>Ebenfalls sls Gratis-Download verf\u00fcgbar!<\/p>\n","protected":false},"excerpt":{"rendered":"<p>Unsere L\u00f6sungsvorschl\u00e4ge zu den Marketing-Aufgaben aus der Produkt- und Preis-Politik. Ebenfalls sls Gratis-Download verf\u00fcgbar!<\/p>\n","protected":false},"featured_media":321,"comment_status":"open","ping_status":"closed","template":"","meta":[],"product_brand":[],"product_cat":[39,50,51],"product_tag":[],"class_list":{"0":"post-307","1":"product","2":"type-product","3":"status-publish","4":"has-post-thumbnail","6":"product_cat-angebote","7":"product_cat-aufgaben","8":"product_cat-marketing","10":"first","11":"instock","12":"downloadable","13":"virtual","14":"purchasable","15":"product-type-simple"},"yoast_head":"<!-- This site is optimized with the Yoast SEO plugin v25.3.1 - https:\/\/yoast.com\/wordpress\/plugins\/seo\/ -->\n<title>Aufgaben-Paket Marketing \u2013 L\u00f6sungen \u00dcbungen Marketing-Mix Eis-Cafe Pflaume - Einfach-E-Commerce<\/title>\n<meta name=\"robots\" content=\"index, follow, max-snippet:-1, max-image-preview:large, max-video-preview:-1\" \/>\n<link rel=\"canonical\" href=\"https:\/\/umschulung-e-commerce.de\/onlineshop\/produkt\/aufgaben-paket-marketing-loesungen-uebungen-marketing-mix-eis-cafe-pflaume\/\" \/>\n<meta property=\"og:locale\" content=\"de_DE\" \/>\n<meta property=\"og:type\" content=\"article\" \/>\n<meta property=\"og:title\" content=\"Aufgaben-Paket Marketing \u2013 L\u00f6sungen \u00dcbungen Marketing-Mix Eis-Cafe Pflaume - Einfach-E-Commerce\" \/>\n<meta property=\"og:description\" content=\"Unsere L\u00f6sungsvorschl\u00e4ge zu den Marketing-Aufgaben aus der Produkt- und Preis-Politik. Ebenfalls sls Gratis-Download verf\u00fcgbar!\" \/>\n<meta property=\"og:url\" content=\"https:\/\/umschulung-e-commerce.de\/onlineshop\/produkt\/aufgaben-paket-marketing-loesungen-uebungen-marketing-mix-eis-cafe-pflaume\/\" \/>\n<meta property=\"og:site_name\" content=\"Einfach-E-Commerce\" \/>\n<meta property=\"article:modified_time\" content=\"2025-06-23T09:35:34+00:00\" \/>\n<meta property=\"og:image\" content=\"https:\/\/umschulung-e-commerce.de\/onlineshop\/wp-content\/uploads\/2025\/06\/loesungen-aufgaben-paket-marketing-eiscafe-pflaume-1.jpg\" \/>\n\t<meta property=\"og:image:width\" content=\"800\" \/>\n\t<meta property=\"og:image:height\" content=\"800\" \/>\n\t<meta property=\"og:image:type\" content=\"image\/jpeg\" \/>\n<meta name=\"twitter:card\" content=\"summary_large_image\" \/>\n<meta name=\"twitter:label1\" content=\"Gesch\u00e4tzte Lesezeit\" \/>\n\t<meta name=\"twitter:data1\" content=\"1\u00a0Minute\" \/>\n<script type=\"application\/ld+json\" class=\"yoast-schema-graph\">{\"@context\":\"https:\/\/schema.org\",\"@graph\":[{\"@type\":\"WebPage\",\"@id\":\"https:\/\/umschulung-e-commerce.de\/onlineshop\/produkt\/aufgaben-paket-marketing-loesungen-uebungen-marketing-mix-eis-cafe-pflaume\/\",\"url\":\"https:\/\/umschulung-e-commerce.de\/onlineshop\/produkt\/aufgaben-paket-marketing-loesungen-uebungen-marketing-mix-eis-cafe-pflaume\/\",\"name\":\"Aufgaben-Paket Marketing \u2013 L\u00f6sungen \u00dcbungen Marketing-Mix Eis-Cafe Pflaume - Einfach-E-Commerce\",\"isPartOf\":{\"@id\":\"https:\/\/umschulung-e-commerce.de\/onlineshop\/#website\"},\"primaryImageOfPage\":{\"@id\":\"https:\/\/umschulung-e-commerce.de\/onlineshop\/produkt\/aufgaben-paket-marketing-loesungen-uebungen-marketing-mix-eis-cafe-pflaume\/#primaryimage\"},\"image\":{\"@id\":\"https:\/\/umschulung-e-commerce.de\/onlineshop\/produkt\/aufgaben-paket-marketing-loesungen-uebungen-marketing-mix-eis-cafe-pflaume\/#primaryimage\"},\"thumbnailUrl\":\"https:\/\/umschulung-e-commerce.de\/onlineshop\/wp-content\/uploads\/2025\/06\/loesungen-aufgaben-paket-marketing-eiscafe-pflaume-1.jpg\",\"datePublished\":\"2025-06-23T09:04:30+00:00\",\"dateModified\":\"2025-06-23T09:35:34+00:00\",\"breadcrumb\":{\"@id\":\"https:\/\/umschulung-e-commerce.de\/onlineshop\/produkt\/aufgaben-paket-marketing-loesungen-uebungen-marketing-mix-eis-cafe-pflaume\/#breadcrumb\"},\"inLanguage\":\"de\",\"potentialAction\":[{\"@type\":\"ReadAction\",\"target\":[\"https:\/\/umschulung-e-commerce.de\/onlineshop\/produkt\/aufgaben-paket-marketing-loesungen-uebungen-marketing-mix-eis-cafe-pflaume\/\"]}]},{\"@type\":\"ImageObject\",\"inLanguage\":\"de\",\"@id\":\"https:\/\/umschulung-e-commerce.de\/onlineshop\/produkt\/aufgaben-paket-marketing-loesungen-uebungen-marketing-mix-eis-cafe-pflaume\/#primaryimage\",\"url\":\"https:\/\/umschulung-e-commerce.de\/onlineshop\/wp-content\/uploads\/2025\/06\/loesungen-aufgaben-paket-marketing-eiscafe-pflaume-1.jpg\",\"contentUrl\":\"https:\/\/umschulung-e-commerce.de\/onlineshop\/wp-content\/uploads\/2025\/06\/loesungen-aufgaben-paket-marketing-eiscafe-pflaume-1.jpg\",\"width\":800,\"height\":800,\"caption\":\"L\u00f6sungen zu den \u00dcbungsaufgaben Marketing\"},{\"@type\":\"BreadcrumbList\",\"@id\":\"https:\/\/umschulung-e-commerce.de\/onlineshop\/produkt\/aufgaben-paket-marketing-loesungen-uebungen-marketing-mix-eis-cafe-pflaume\/#breadcrumb\",\"itemListElement\":[{\"@type\":\"ListItem\",\"position\":1,\"name\":\"Startseite\",\"item\":\"https:\/\/umschulung-e-commerce.de\/onlineshop\/\"},{\"@type\":\"ListItem\",\"position\":2,\"name\":\"Shop\",\"item\":\"https:\/\/umschulung-e-commerce.de\/onlineshop\/shop\/\"},{\"@type\":\"ListItem\",\"position\":3,\"name\":\"Aufgaben-Paket Marketing \u2013 L\u00f6sungen \u00dcbungen Marketing-Mix Eis-Cafe Pflaume\"}]},{\"@type\":\"WebSite\",\"@id\":\"https:\/\/umschulung-e-commerce.de\/onlineshop\/#website\",\"url\":\"https:\/\/umschulung-e-commerce.de\/onlineshop\/\",\"name\":\"Einfach-E-Commerce\",\"description\":\"\",\"publisher\":{\"@id\":\"https:\/\/umschulung-e-commerce.de\/onlineshop\/#\/schema\/person\/52501e5c81591029852809716b7a7924\"},\"potentialAction\":[{\"@type\":\"SearchAction\",\"target\":{\"@type\":\"EntryPoint\",\"urlTemplate\":\"https:\/\/umschulung-e-commerce.de\/onlineshop\/?s={search_term_string}\"},\"query-input\":{\"@type\":\"PropertyValueSpecification\",\"valueRequired\":true,\"valueName\":\"search_term_string\"}}],\"inLanguage\":\"de\"},{\"@type\":[\"Person\",\"Organization\"],\"@id\":\"https:\/\/umschulung-e-commerce.de\/onlineshop\/#\/schema\/person\/52501e5c81591029852809716b7a7924\",\"name\":\"Umschulung-E-Com\",\"image\":{\"@type\":\"ImageObject\",\"inLanguage\":\"de\",\"@id\":\"https:\/\/umschulung-e-commerce.de\/onlineshop\/#\/schema\/person\/image\/\",\"url\":\"https:\/\/umschulung-e-commerce.de\/onlineshop\/wp-content\/uploads\/2025\/04\/Einfach-E-Commerce-2-1.png\",\"contentUrl\":\"https:\/\/umschulung-e-commerce.de\/onlineshop\/wp-content\/uploads\/2025\/04\/Einfach-E-Commerce-2-1.png\",\"width\":500,\"height\":430,\"caption\":\"Umschulung-E-Com\"},\"logo\":{\"@id\":\"https:\/\/umschulung-e-commerce.de\/onlineshop\/#\/schema\/person\/image\/\"},\"sameAs\":[\"http:\/\/umschulung-e-commerce.de\/onlineshop\"]}]}<\/script>\n<!-- \/ Yoast SEO plugin. -->","yoast_head_json":{"title":"Aufgaben-Paket Marketing \u2013 L\u00f6sungen \u00dcbungen Marketing-Mix Eis-Cafe Pflaume - Einfach-E-Commerce","robots":{"index":"index","follow":"follow","max-snippet":"max-snippet:-1","max-image-preview":"max-image-preview:large","max-video-preview":"max-video-preview:-1"},"canonical":"https:\/\/umschulung-e-commerce.de\/onlineshop\/produkt\/aufgaben-paket-marketing-loesungen-uebungen-marketing-mix-eis-cafe-pflaume\/","og_locale":"de_DE","og_type":"article","og_title":"Aufgaben-Paket Marketing \u2013 L\u00f6sungen \u00dcbungen Marketing-Mix Eis-Cafe Pflaume - Einfach-E-Commerce","og_description":"Unsere L\u00f6sungsvorschl\u00e4ge zu den Marketing-Aufgaben aus der Produkt- und Preis-Politik. Ebenfalls sls Gratis-Download verf\u00fcgbar!","og_url":"https:\/\/umschulung-e-commerce.de\/onlineshop\/produkt\/aufgaben-paket-marketing-loesungen-uebungen-marketing-mix-eis-cafe-pflaume\/","og_site_name":"Einfach-E-Commerce","article_modified_time":"2025-06-23T09:35:34+00:00","og_image":[{"width":800,"height":800,"url":"https:\/\/umschulung-e-commerce.de\/onlineshop\/wp-content\/uploads\/2025\/06\/loesungen-aufgaben-paket-marketing-eiscafe-pflaume-1.jpg","type":"image\/jpeg"}],"twitter_card":"summary_large_image","twitter_misc":{"Gesch\u00e4tzte Lesezeit":"1\u00a0Minute"},"schema":{"@context":"https:\/\/schema.org","@graph":[{"@type":"WebPage","@id":"https:\/\/umschulung-e-commerce.de\/onlineshop\/produkt\/aufgaben-paket-marketing-loesungen-uebungen-marketing-mix-eis-cafe-pflaume\/","url":"https:\/\/umschulung-e-commerce.de\/onlineshop\/produkt\/aufgaben-paket-marketing-loesungen-uebungen-marketing-mix-eis-cafe-pflaume\/","name":"Aufgaben-Paket Marketing \u2013 L\u00f6sungen \u00dcbungen Marketing-Mix Eis-Cafe Pflaume - Einfach-E-Commerce","isPartOf":{"@id":"https:\/\/umschulung-e-commerce.de\/onlineshop\/#website"},"primaryImageOfPage":{"@id":"https:\/\/umschulung-e-commerce.de\/onlineshop\/produkt\/aufgaben-paket-marketing-loesungen-uebungen-marketing-mix-eis-cafe-pflaume\/#primaryimage"},"image":{"@id":"https:\/\/umschulung-e-commerce.de\/onlineshop\/produkt\/aufgaben-paket-marketing-loesungen-uebungen-marketing-mix-eis-cafe-pflaume\/#primaryimage"},"thumbnailUrl":"https:\/\/umschulung-e-commerce.de\/onlineshop\/wp-content\/uploads\/2025\/06\/loesungen-aufgaben-paket-marketing-eiscafe-pflaume-1.jpg","datePublished":"2025-06-23T09:04:30+00:00","dateModified":"2025-06-23T09:35:34+00:00","breadcrumb":{"@id":"https:\/\/umschulung-e-commerce.de\/onlineshop\/produkt\/aufgaben-paket-marketing-loesungen-uebungen-marketing-mix-eis-cafe-pflaume\/#breadcrumb"},"inLanguage":"de","potentialAction":[{"@type":"ReadAction","target":["https:\/\/umschulung-e-commerce.de\/onlineshop\/produkt\/aufgaben-paket-marketing-loesungen-uebungen-marketing-mix-eis-cafe-pflaume\/"]}]},{"@type":"ImageObject","inLanguage":"de","@id":"https:\/\/umschulung-e-commerce.de\/onlineshop\/produkt\/aufgaben-paket-marketing-loesungen-uebungen-marketing-mix-eis-cafe-pflaume\/#primaryimage","url":"https:\/\/umschulung-e-commerce.de\/onlineshop\/wp-content\/uploads\/2025\/06\/loesungen-aufgaben-paket-marketing-eiscafe-pflaume-1.jpg","contentUrl":"https:\/\/umschulung-e-commerce.de\/onlineshop\/wp-content\/uploads\/2025\/06\/loesungen-aufgaben-paket-marketing-eiscafe-pflaume-1.jpg","width":800,"height":800,"caption":"L\u00f6sungen zu den \u00dcbungsaufgaben Marketing"},{"@type":"BreadcrumbList","@id":"https:\/\/umschulung-e-commerce.de\/onlineshop\/produkt\/aufgaben-paket-marketing-loesungen-uebungen-marketing-mix-eis-cafe-pflaume\/#breadcrumb","itemListElement":[{"@type":"ListItem","position":1,"name":"Startseite","item":"https:\/\/umschulung-e-commerce.de\/onlineshop\/"},{"@type":"ListItem","position":2,"name":"Shop","item":"https:\/\/umschulung-e-commerce.de\/onlineshop\/shop\/"},{"@type":"ListItem","position":3,"name":"Aufgaben-Paket Marketing \u2013 L\u00f6sungen \u00dcbungen Marketing-Mix Eis-Cafe Pflaume"}]},{"@type":"WebSite","@id":"https:\/\/umschulung-e-commerce.de\/onlineshop\/#website","url":"https:\/\/umschulung-e-commerce.de\/onlineshop\/","name":"Einfach-E-Commerce","description":"","publisher":{"@id":"https:\/\/umschulung-e-commerce.de\/onlineshop\/#\/schema\/person\/52501e5c81591029852809716b7a7924"},"potentialAction":[{"@type":"SearchAction","target":{"@type":"EntryPoint","urlTemplate":"https:\/\/umschulung-e-commerce.de\/onlineshop\/?s={search_term_string}"},"query-input":{"@type":"PropertyValueSpecification","valueRequired":true,"valueName":"search_term_string"}}],"inLanguage":"de"},{"@type":["Person","Organization"],"@id":"https:\/\/umschulung-e-commerce.de\/onlineshop\/#\/schema\/person\/52501e5c81591029852809716b7a7924","name":"Umschulung-E-Com","image":{"@type":"ImageObject","inLanguage":"de","@id":"https:\/\/umschulung-e-commerce.de\/onlineshop\/#\/schema\/person\/image\/","url":"https:\/\/umschulung-e-commerce.de\/onlineshop\/wp-content\/uploads\/2025\/04\/Einfach-E-Commerce-2-1.png","contentUrl":"https:\/\/umschulung-e-commerce.de\/onlineshop\/wp-content\/uploads\/2025\/04\/Einfach-E-Commerce-2-1.png","width":500,"height":430,"caption":"Umschulung-E-Com"},"logo":{"@id":"https:\/\/umschulung-e-commerce.de\/onlineshop\/#\/schema\/person\/image\/"},"sameAs":["http:\/\/umschulung-e-commerce.de\/onlineshop"]}]}},"_links":{"self":[{"href":"https:\/\/umschulung-e-commerce.de\/onlineshop\/wp-json\/wp\/v2\/product\/307","targetHints":{"allow":["GET"]}}],"collection":[{"href":"https:\/\/umschulung-e-commerce.de\/onlineshop\/wp-json\/wp\/v2\/product"}],"about":[{"href":"https:\/\/umschulung-e-commerce.de\/onlineshop\/wp-json\/wp\/v2\/types\/product"}],"replies":[{"embeddable":true,"href":"https:\/\/umschulung-e-commerce.de\/onlineshop\/wp-json\/wp\/v2\/comments?post=307"}],"wp:featuredmedia":[{"embeddable":true,"href":"https:\/\/umschulung-e-commerce.de\/onlineshop\/wp-json\/wp\/v2\/media\/321"}],"wp:attachment":[{"href":"https:\/\/umschulung-e-commerce.de\/onlineshop\/wp-json\/wp\/v2\/media?parent=307"}],"wp:term":[{"taxonomy":"product_brand","embeddable":true,"href":"https:\/\/umschulung-e-commerce.de\/onlineshop\/wp-json\/wp\/v2\/product_brand?post=307"},{"taxonomy":"product_cat","embeddable":true,"href":"https:\/\/umschulung-e-commerce.de\/onlineshop\/wp-json\/wp\/v2\/product_cat?post=307"},{"taxonomy":"product_tag","embeddable":true,"href":"https:\/\/umschulung-e-commerce.de\/onlineshop\/wp-json\/wp\/v2\/product_tag?post=307"}],"curies":[{"name":"wp","href":"https:\/\/api.w.org\/{rel}","templated":true}]}}