{"id":274,"date":"2025-06-17T14:24:36","date_gmt":"2025-06-17T12:24:36","guid":{"rendered":"https:\/\/umschulung-e-commerce.de\/onlineshop\/?post_type=product&#038;p=274"},"modified":"2025-06-23T11:10:22","modified_gmt":"2025-06-23T09:10:22","slug":"aufgaben-marketing-mix-e-commerce-uebungen-umschulung","status":"publish","type":"product","link":"https:\/\/umschulung-e-commerce.de\/onlineshop\/produkt\/aufgaben-marketing-mix-e-commerce-uebungen-umschulung\/","title":{"rendered":"Aufgaben-Paket Marketing &#8211; Test Produkt-Politik Preis-Politik \u00dcbungen Marketing-Mix Eis-Cafe Pflaume"},"content":{"rendered":"<p data-start=\"645\" data-end=\"836\">Du machst gerade eine Umschulung im Bereich E-Commerce oder Marketing und suchst nach verst\u00e4ndlichen, praxisnahen \u00dcbungsaufgaben?<br data-start=\"774\" data-end=\"777\" \/>Dann ist dieses Aufgaben-Paket genau das Richtige f\u00fcr dich.<\/p>\n<p data-start=\"838\" data-end=\"1019\">Am Beispiel des fiktiven Eis-Caf\u00e9s \u201ePflaume\u201c bekommst du realit\u00e4tsnahe Aufgaben aus der Marketingpraxis, die dich gezielt auf Tests, Klausuren oder die Abschlusspr\u00fcfung vorbereiten.<\/p>\n<p data-start=\"1021\" data-end=\"1043\"><strong data-start=\"1021\" data-end=\"1043\">Was dich erwartet:<\/strong><\/p>\n<ul data-start=\"1045\" data-end=\"1385\">\n<li data-start=\"1045\" data-end=\"1153\">\n<p data-start=\"1047\" data-end=\"1153\"><strong data-start=\"1047\" data-end=\"1066\">Produktpolitik:<\/strong> Welche Sortimentsstrategien gibt es? Wie gestaltet man ein attraktives Produktangebot?<\/p>\n<\/li>\n<li data-start=\"1154\" data-end=\"1256\">\n<p data-start=\"1156\" data-end=\"1256\"><strong data-start=\"1156\" data-end=\"1173\">Preispolitik:<\/strong> Welche Preisstrategien sind sinnvoll? Wie wirkt sich der Preis auf den Absatz aus?<\/p>\n<\/li>\n<li data-start=\"1257\" data-end=\"1385\">\n<p data-start=\"1259\" data-end=\"1385\"><strong data-start=\"1259\" data-end=\"1277\">Marketing-Mix:<\/strong> \u00dcbe, wie die vier P&#8217;s \u2013 Produkt, Preis, Platzierung und Promotion \u2013 sinnvoll miteinander kombiniert werden.<\/p>\n<\/li>\n<\/ul>\n<p data-start=\"1387\" data-end=\"1573\">Die Aufgaben sind klar strukturiert, leicht verst\u00e4ndlich und direkt einsetzbar \u2013 ideal f\u00fcr den Unterricht, zur Nachbereitung oder zur selbstst\u00e4ndigen Vorbereitung auf Leistungsnachweise.<\/p>\n<p data-start=\"1575\" data-end=\"1858\"><strong data-start=\"1575\" data-end=\"1604\">F\u00fcr wen ist das geeignet?<\/strong><br data-start=\"1604\" data-end=\"1607\" \/>Dieses Paket richtet sich an Umsch\u00fcler:innen und Auszubildende im Bereich Marketing, E-Commerce, Einzelhandel oder kaufm\u00e4nnische Berufe. Es hilft dir, Marketingthemen besser zu verstehen und anzuwenden \u2013 Schritt f\u00fcr Schritt, praxisnah und motivierend.<\/p>\n","protected":false},"excerpt":{"rendered":"<p>Eine kleine Sammlung von sechs praxisnahen Marketing-Aufgaben aus der Produkt- und Preis-Politik.<\/p>\n<p>Als Gratis-Download verf\u00fcgbar!<\/p>\n","protected":false},"featured_media":286,"comment_status":"open","ping_status":"closed","template":"","meta":[],"product_brand":[],"product_cat":[39,50,51],"product_tag":[],"class_list":{"0":"post-274","1":"product","2":"type-product","3":"status-publish","4":"has-post-thumbnail","6":"product_cat-angebote","7":"product_cat-aufgaben","8":"product_cat-marketing","10":"first","11":"instock","12":"downloadable","13":"virtual","14":"purchasable","15":"product-type-simple"},"yoast_head":"<!-- This site is optimized with the Yoast SEO plugin v25.3.1 - https:\/\/yoast.com\/wordpress\/plugins\/seo\/ -->\n<title>Aufgaben-Paket Marketing - Test Produkt-Politik Preis-Politik \u00dcbungen Marketing-Mix Eis-Cafe Pflaume - Einfach-E-Commerce<\/title>\n<meta name=\"description\" content=\"Praxisnahe E-Commerce Aufgaben zum Marketing-Mix, Preis- und Produktpolitik. Ideal f\u00fcr Umsch\u00fcler:innen zur Vorbereitung auf Pr\u00fcfungen und Tests.\" \/>\n<meta name=\"robots\" content=\"index, follow, max-snippet:-1, max-image-preview:large, max-video-preview:-1\" \/>\n<link rel=\"canonical\" href=\"https:\/\/umschulung-e-commerce.de\/onlineshop\/produkt\/aufgaben-marketing-mix-e-commerce-uebungen-umschulung\/\" \/>\n<meta property=\"og:locale\" content=\"de_DE\" \/>\n<meta property=\"og:type\" content=\"article\" \/>\n<meta property=\"og:title\" content=\"Aufgaben-Paket Marketing - Test Produkt-Politik Preis-Politik \u00dcbungen Marketing-Mix Eis-Cafe Pflaume - Einfach-E-Commerce\" \/>\n<meta property=\"og:description\" content=\"Praxisnahe E-Commerce Aufgaben zum Marketing-Mix, Preis- und Produktpolitik. Ideal f\u00fcr Umsch\u00fcler:innen zur Vorbereitung auf Pr\u00fcfungen und Tests.\" \/>\n<meta property=\"og:url\" content=\"https:\/\/umschulung-e-commerce.de\/onlineshop\/produkt\/aufgaben-marketing-mix-e-commerce-uebungen-umschulung\/\" \/>\n<meta property=\"og:site_name\" content=\"Einfach-E-Commerce\" \/>\n<meta property=\"article:modified_time\" content=\"2025-06-23T09:10:22+00:00\" \/>\n<meta property=\"og:image\" content=\"https:\/\/umschulung-e-commerce.de\/onlineshop\/wp-content\/uploads\/2025\/06\/aufgaben-paket-marketing-eiscafe-pflaume.jpg\" \/>\n\t<meta property=\"og:image:width\" content=\"800\" \/>\n\t<meta property=\"og:image:height\" content=\"800\" \/>\n\t<meta property=\"og:image:type\" content=\"image\/jpeg\" \/>\n<meta name=\"twitter:card\" content=\"summary_large_image\" \/>\n<meta name=\"twitter:label1\" content=\"Gesch\u00e4tzte Lesezeit\" \/>\n\t<meta name=\"twitter:data1\" content=\"2\u00a0Minuten\" \/>\n<script type=\"application\/ld+json\" class=\"yoast-schema-graph\">{\"@context\":\"https:\/\/schema.org\",\"@graph\":[{\"@type\":\"WebPage\",\"@id\":\"https:\/\/umschulung-e-commerce.de\/onlineshop\/produkt\/aufgaben-marketing-mix-e-commerce-uebungen-umschulung\/\",\"url\":\"https:\/\/umschulung-e-commerce.de\/onlineshop\/produkt\/aufgaben-marketing-mix-e-commerce-uebungen-umschulung\/\",\"name\":\"Aufgaben-Paket Marketing - Test Produkt-Politik Preis-Politik \u00dcbungen Marketing-Mix Eis-Cafe Pflaume - Einfach-E-Commerce\",\"isPartOf\":{\"@id\":\"https:\/\/umschulung-e-commerce.de\/onlineshop\/#website\"},\"primaryImageOfPage\":{\"@id\":\"https:\/\/umschulung-e-commerce.de\/onlineshop\/produkt\/aufgaben-marketing-mix-e-commerce-uebungen-umschulung\/#primaryimage\"},\"image\":{\"@id\":\"https:\/\/umschulung-e-commerce.de\/onlineshop\/produkt\/aufgaben-marketing-mix-e-commerce-uebungen-umschulung\/#primaryimage\"},\"thumbnailUrl\":\"https:\/\/umschulung-e-commerce.de\/onlineshop\/wp-content\/uploads\/2025\/06\/aufgaben-paket-marketing-eiscafe-pflaume.jpg\",\"datePublished\":\"2025-06-17T12:24:36+00:00\",\"dateModified\":\"2025-06-23T09:10:22+00:00\",\"description\":\"Praxisnahe E-Commerce Aufgaben zum Marketing-Mix, Preis- und Produktpolitik. Ideal f\u00fcr Umsch\u00fcler:innen zur Vorbereitung auf Pr\u00fcfungen und Tests.\",\"breadcrumb\":{\"@id\":\"https:\/\/umschulung-e-commerce.de\/onlineshop\/produkt\/aufgaben-marketing-mix-e-commerce-uebungen-umschulung\/#breadcrumb\"},\"inLanguage\":\"de\",\"potentialAction\":[{\"@type\":\"ReadAction\",\"target\":[\"https:\/\/umschulung-e-commerce.de\/onlineshop\/produkt\/aufgaben-marketing-mix-e-commerce-uebungen-umschulung\/\"]}]},{\"@type\":\"ImageObject\",\"inLanguage\":\"de\",\"@id\":\"https:\/\/umschulung-e-commerce.de\/onlineshop\/produkt\/aufgaben-marketing-mix-e-commerce-uebungen-umschulung\/#primaryimage\",\"url\":\"https:\/\/umschulung-e-commerce.de\/onlineshop\/wp-content\/uploads\/2025\/06\/aufgaben-paket-marketing-eiscafe-pflaume.jpg\",\"contentUrl\":\"https:\/\/umschulung-e-commerce.de\/onlineshop\/wp-content\/uploads\/2025\/06\/aufgaben-paket-marketing-eiscafe-pflaume.jpg\",\"width\":800,\"height\":800,\"caption\":\"Aufgaben Marketing Eis-Caf\u00e9 Pflaume\"},{\"@type\":\"BreadcrumbList\",\"@id\":\"https:\/\/umschulung-e-commerce.de\/onlineshop\/produkt\/aufgaben-marketing-mix-e-commerce-uebungen-umschulung\/#breadcrumb\",\"itemListElement\":[{\"@type\":\"ListItem\",\"position\":1,\"name\":\"Startseite\",\"item\":\"https:\/\/umschulung-e-commerce.de\/onlineshop\/\"},{\"@type\":\"ListItem\",\"position\":2,\"name\":\"Shop\",\"item\":\"https:\/\/umschulung-e-commerce.de\/onlineshop\/shop\/\"},{\"@type\":\"ListItem\",\"position\":3,\"name\":\"Aufgaben-Paket Marketing &#8211; Test Produkt-Politik Preis-Politik \u00dcbungen Marketing-Mix Eis-Cafe Pflaume\"}]},{\"@type\":\"WebSite\",\"@id\":\"https:\/\/umschulung-e-commerce.de\/onlineshop\/#website\",\"url\":\"https:\/\/umschulung-e-commerce.de\/onlineshop\/\",\"name\":\"Einfach-E-Commerce\",\"description\":\"\",\"publisher\":{\"@id\":\"https:\/\/umschulung-e-commerce.de\/onlineshop\/#\/schema\/person\/52501e5c81591029852809716b7a7924\"},\"potentialAction\":[{\"@type\":\"SearchAction\",\"target\":{\"@type\":\"EntryPoint\",\"urlTemplate\":\"https:\/\/umschulung-e-commerce.de\/onlineshop\/?s={search_term_string}\"},\"query-input\":{\"@type\":\"PropertyValueSpecification\",\"valueRequired\":true,\"valueName\":\"search_term_string\"}}],\"inLanguage\":\"de\"},{\"@type\":[\"Person\",\"Organization\"],\"@id\":\"https:\/\/umschulung-e-commerce.de\/onlineshop\/#\/schema\/person\/52501e5c81591029852809716b7a7924\",\"name\":\"Umschulung-E-Com\",\"image\":{\"@type\":\"ImageObject\",\"inLanguage\":\"de\",\"@id\":\"https:\/\/umschulung-e-commerce.de\/onlineshop\/#\/schema\/person\/image\/\",\"url\":\"https:\/\/umschulung-e-commerce.de\/onlineshop\/wp-content\/uploads\/2025\/04\/Einfach-E-Commerce-2-1.png\",\"contentUrl\":\"https:\/\/umschulung-e-commerce.de\/onlineshop\/wp-content\/uploads\/2025\/04\/Einfach-E-Commerce-2-1.png\",\"width\":500,\"height\":430,\"caption\":\"Umschulung-E-Com\"},\"logo\":{\"@id\":\"https:\/\/umschulung-e-commerce.de\/onlineshop\/#\/schema\/person\/image\/\"},\"sameAs\":[\"http:\/\/umschulung-e-commerce.de\/onlineshop\"]}]}<\/script>\n<!-- \/ Yoast SEO plugin. -->","yoast_head_json":{"title":"Aufgaben-Paket Marketing - Test Produkt-Politik Preis-Politik \u00dcbungen Marketing-Mix Eis-Cafe Pflaume - Einfach-E-Commerce","description":"Praxisnahe E-Commerce Aufgaben zum Marketing-Mix, Preis- und Produktpolitik. Ideal f\u00fcr Umsch\u00fcler:innen zur Vorbereitung auf Pr\u00fcfungen und Tests.","robots":{"index":"index","follow":"follow","max-snippet":"max-snippet:-1","max-image-preview":"max-image-preview:large","max-video-preview":"max-video-preview:-1"},"canonical":"https:\/\/umschulung-e-commerce.de\/onlineshop\/produkt\/aufgaben-marketing-mix-e-commerce-uebungen-umschulung\/","og_locale":"de_DE","og_type":"article","og_title":"Aufgaben-Paket Marketing - Test Produkt-Politik Preis-Politik \u00dcbungen Marketing-Mix Eis-Cafe Pflaume - Einfach-E-Commerce","og_description":"Praxisnahe E-Commerce Aufgaben zum Marketing-Mix, Preis- und Produktpolitik. Ideal f\u00fcr Umsch\u00fcler:innen zur Vorbereitung auf Pr\u00fcfungen und Tests.","og_url":"https:\/\/umschulung-e-commerce.de\/onlineshop\/produkt\/aufgaben-marketing-mix-e-commerce-uebungen-umschulung\/","og_site_name":"Einfach-E-Commerce","article_modified_time":"2025-06-23T09:10:22+00:00","og_image":[{"width":800,"height":800,"url":"https:\/\/umschulung-e-commerce.de\/onlineshop\/wp-content\/uploads\/2025\/06\/aufgaben-paket-marketing-eiscafe-pflaume.jpg","type":"image\/jpeg"}],"twitter_card":"summary_large_image","twitter_misc":{"Gesch\u00e4tzte Lesezeit":"2\u00a0Minuten"},"schema":{"@context":"https:\/\/schema.org","@graph":[{"@type":"WebPage","@id":"https:\/\/umschulung-e-commerce.de\/onlineshop\/produkt\/aufgaben-marketing-mix-e-commerce-uebungen-umschulung\/","url":"https:\/\/umschulung-e-commerce.de\/onlineshop\/produkt\/aufgaben-marketing-mix-e-commerce-uebungen-umschulung\/","name":"Aufgaben-Paket Marketing - Test Produkt-Politik Preis-Politik \u00dcbungen Marketing-Mix Eis-Cafe Pflaume - Einfach-E-Commerce","isPartOf":{"@id":"https:\/\/umschulung-e-commerce.de\/onlineshop\/#website"},"primaryImageOfPage":{"@id":"https:\/\/umschulung-e-commerce.de\/onlineshop\/produkt\/aufgaben-marketing-mix-e-commerce-uebungen-umschulung\/#primaryimage"},"image":{"@id":"https:\/\/umschulung-e-commerce.de\/onlineshop\/produkt\/aufgaben-marketing-mix-e-commerce-uebungen-umschulung\/#primaryimage"},"thumbnailUrl":"https:\/\/umschulung-e-commerce.de\/onlineshop\/wp-content\/uploads\/2025\/06\/aufgaben-paket-marketing-eiscafe-pflaume.jpg","datePublished":"2025-06-17T12:24:36+00:00","dateModified":"2025-06-23T09:10:22+00:00","description":"Praxisnahe E-Commerce Aufgaben zum Marketing-Mix, Preis- und Produktpolitik. Ideal f\u00fcr Umsch\u00fcler:innen zur Vorbereitung auf Pr\u00fcfungen und Tests.","breadcrumb":{"@id":"https:\/\/umschulung-e-commerce.de\/onlineshop\/produkt\/aufgaben-marketing-mix-e-commerce-uebungen-umschulung\/#breadcrumb"},"inLanguage":"de","potentialAction":[{"@type":"ReadAction","target":["https:\/\/umschulung-e-commerce.de\/onlineshop\/produkt\/aufgaben-marketing-mix-e-commerce-uebungen-umschulung\/"]}]},{"@type":"ImageObject","inLanguage":"de","@id":"https:\/\/umschulung-e-commerce.de\/onlineshop\/produkt\/aufgaben-marketing-mix-e-commerce-uebungen-umschulung\/#primaryimage","url":"https:\/\/umschulung-e-commerce.de\/onlineshop\/wp-content\/uploads\/2025\/06\/aufgaben-paket-marketing-eiscafe-pflaume.jpg","contentUrl":"https:\/\/umschulung-e-commerce.de\/onlineshop\/wp-content\/uploads\/2025\/06\/aufgaben-paket-marketing-eiscafe-pflaume.jpg","width":800,"height":800,"caption":"Aufgaben Marketing Eis-Caf\u00e9 Pflaume"},{"@type":"BreadcrumbList","@id":"https:\/\/umschulung-e-commerce.de\/onlineshop\/produkt\/aufgaben-marketing-mix-e-commerce-uebungen-umschulung\/#breadcrumb","itemListElement":[{"@type":"ListItem","position":1,"name":"Startseite","item":"https:\/\/umschulung-e-commerce.de\/onlineshop\/"},{"@type":"ListItem","position":2,"name":"Shop","item":"https:\/\/umschulung-e-commerce.de\/onlineshop\/shop\/"},{"@type":"ListItem","position":3,"name":"Aufgaben-Paket Marketing &#8211; Test Produkt-Politik Preis-Politik \u00dcbungen Marketing-Mix Eis-Cafe Pflaume"}]},{"@type":"WebSite","@id":"https:\/\/umschulung-e-commerce.de\/onlineshop\/#website","url":"https:\/\/umschulung-e-commerce.de\/onlineshop\/","name":"Einfach-E-Commerce","description":"","publisher":{"@id":"https:\/\/umschulung-e-commerce.de\/onlineshop\/#\/schema\/person\/52501e5c81591029852809716b7a7924"},"potentialAction":[{"@type":"SearchAction","target":{"@type":"EntryPoint","urlTemplate":"https:\/\/umschulung-e-commerce.de\/onlineshop\/?s={search_term_string}"},"query-input":{"@type":"PropertyValueSpecification","valueRequired":true,"valueName":"search_term_string"}}],"inLanguage":"de"},{"@type":["Person","Organization"],"@id":"https:\/\/umschulung-e-commerce.de\/onlineshop\/#\/schema\/person\/52501e5c81591029852809716b7a7924","name":"Umschulung-E-Com","image":{"@type":"ImageObject","inLanguage":"de","@id":"https:\/\/umschulung-e-commerce.de\/onlineshop\/#\/schema\/person\/image\/","url":"https:\/\/umschulung-e-commerce.de\/onlineshop\/wp-content\/uploads\/2025\/04\/Einfach-E-Commerce-2-1.png","contentUrl":"https:\/\/umschulung-e-commerce.de\/onlineshop\/wp-content\/uploads\/2025\/04\/Einfach-E-Commerce-2-1.png","width":500,"height":430,"caption":"Umschulung-E-Com"},"logo":{"@id":"https:\/\/umschulung-e-commerce.de\/onlineshop\/#\/schema\/person\/image\/"},"sameAs":["http:\/\/umschulung-e-commerce.de\/onlineshop"]}]}},"_links":{"self":[{"href":"https:\/\/umschulung-e-commerce.de\/onlineshop\/wp-json\/wp\/v2\/product\/274","targetHints":{"allow":["GET"]}}],"collection":[{"href":"https:\/\/umschulung-e-commerce.de\/onlineshop\/wp-json\/wp\/v2\/product"}],"about":[{"href":"https:\/\/umschulung-e-commerce.de\/onlineshop\/wp-json\/wp\/v2\/types\/product"}],"replies":[{"embeddable":true,"href":"https:\/\/umschulung-e-commerce.de\/onlineshop\/wp-json\/wp\/v2\/comments?post=274"}],"wp:featuredmedia":[{"embeddable":true,"href":"https:\/\/umschulung-e-commerce.de\/onlineshop\/wp-json\/wp\/v2\/media\/286"}],"wp:attachment":[{"href":"https:\/\/umschulung-e-commerce.de\/onlineshop\/wp-json\/wp\/v2\/media?parent=274"}],"wp:term":[{"taxonomy":"product_brand","embeddable":true,"href":"https:\/\/umschulung-e-commerce.de\/onlineshop\/wp-json\/wp\/v2\/product_brand?post=274"},{"taxonomy":"product_cat","embeddable":true,"href":"https:\/\/umschulung-e-commerce.de\/onlineshop\/wp-json\/wp\/v2\/product_cat?post=274"},{"taxonomy":"product_tag","embeddable":true,"href":"https:\/\/umschulung-e-commerce.de\/onlineshop\/wp-json\/wp\/v2\/product_tag?post=274"}],"curies":[{"name":"wp","href":"https:\/\/api.w.org\/{rel}","templated":true}]}}