{"id":158,"date":"2025-04-03T13:44:11","date_gmt":"2025-04-03T11:44:11","guid":{"rendered":"https:\/\/umschulung-e-commerce.de\/onlineshop\/?page_id=158"},"modified":"2025-04-04T09:10:12","modified_gmt":"2025-04-04T07:10:12","slug":"ueber-uns-einfach-e-commerce","status":"publish","type":"page","link":"https:\/\/umschulung-e-commerce.de\/onlineshop\/ueber-uns-einfach-e-commerce\/","title":{"rendered":"\u00dcber uns &#8211; Einfach-E-Commerce"},"content":{"rendered":"\n<div class=\"wp-block-cover alignfull is-light has-custom-content-position is-position-bottom-center\" style=\"margin-top:0;margin-bottom:0;padding-top:var(--wp--preset--spacing--50);padding-right:var(--wp--preset--spacing--50);padding-bottom:var(--wp--preset--spacing--50);padding-left:var(--wp--preset--spacing--50);min-height:100vh;aspect-ratio:unset;\"><span aria-hidden=\"true\" class=\"wp-block-cover__background has-background-dim-10 has-background-dim\" style=\"background-color:#c5b7c4\"><\/span><img loading=\"lazy\" decoding=\"async\" width=\"1920\" height=\"1221\" class=\"wp-block-cover__image-background wp-image-221\" alt=\"\" src=\"https:\/\/umschulung-e-commerce.de\/onlineshop\/wp-content\/uploads\/2025\/04\/ueber-uns-seite-2-1.jpg\" data-object-fit=\"cover\" srcset=\"https:\/\/umschulung-e-commerce.de\/onlineshop\/wp-content\/uploads\/2025\/04\/ueber-uns-seite-2-1.jpg 1920w, https:\/\/umschulung-e-commerce.de\/onlineshop\/wp-content\/uploads\/2025\/04\/ueber-uns-seite-2-1-300x191.jpg 300w, https:\/\/umschulung-e-commerce.de\/onlineshop\/wp-content\/uploads\/2025\/04\/ueber-uns-seite-2-1-900x572.jpg 900w, https:\/\/umschulung-e-commerce.de\/onlineshop\/wp-content\/uploads\/2025\/04\/ueber-uns-seite-2-1-768x488.jpg 768w, https:\/\/umschulung-e-commerce.de\/onlineshop\/wp-content\/uploads\/2025\/04\/ueber-uns-seite-2-1-1536x977.jpg 1536w, https:\/\/umschulung-e-commerce.de\/onlineshop\/wp-content\/uploads\/2025\/04\/ueber-uns-seite-2-1-600x382.jpg 600w\" sizes=\"auto, (max-width: 1920px) 100vw, 1920px\" \/><div class=\"wp-block-cover__inner-container has-global-padding is-layout-constrained wp-container-core-cover-is-layout-d89aad35 wp-block-cover-is-layout-constrained\">\n<div class=\"wp-block-group alignwide has-global-padding is-content-justification-left is-layout-constrained wp-container-core-group-is-layout-12dd3699 wp-block-group-is-layout-constrained\">\n<div class=\"wp-block-buttons is-layout-flex wp-block-buttons-is-layout-flex\"><\/div>\n<\/div>\n\n\n\r\n\t\t<div id=\"you-can-quote-me-on-that-69d501bc82ba5\" class=\"you-can-quote-me-on-that-container you-can-quote-me-on-that-167  loading\">\r\n\t\t\r\n\t\t\t<ul class=\"you-can-quote-me-on-that\">\r\n\r\n\t\t\t\t\r\n\t\t\t\t\t<li class=\"slide\">\r\n\t\t\t            \t\t\t\t\t\t\t\t\t\t\t\t\t\t<div class=\"quote no-title\" style=\"color: #FF1C42;\">\r\n\t\t\t\t\t\t\t\t&quot;If you do build a great experience, customers tell each other about it.&quot;\t\t\t\t\t\t\t<\/div>\r\n\t\t\t\t\t\t\t\r\n\t\t\t\t\t\t\t\t\t\t\t\t\t\t\t<div class=\"name\">Jeff Bezoz<\/div>\r\n\t\t\t\t\t\t\t\t\r\n\t\t\t\t\t\t\t\t\t\t\t\t\t\t\t\t<div class=\"credentials\">\r\n\t\t\t\t\t\t\t\t\t<span class=\"company\">Amazon<\/span>\t\t\t\t\t\t\t\t<\/div>\r\n\t\t\t\t\t\t\t\t\t\t\t\t\t\t\t\t\t\t\t\t\t\t\t\t\t\t<\/li>\r\n\r\n\t\t\t\t\r\n\t\t\t\t\t<li class=\"slide\">\r\n\t\t\t            \t\t\t\t\t\t\t\t\t\t\t\t\t\t<div class=\"quote no-title\" style=\"color: #FF1C42;\">\r\n\t\t\t\t\t\t\t\t&quot;When you empower entrepreneurs, you build a platform that transforms commerce.&quot;\t\t\t\t\t\t\t<\/div>\r\n\t\t\t\t\t\t\t\r\n\t\t\t\t\t\t\t\t\t\t\t\t\t\t\t<div class=\"name\">Tobias L\u00fctke<\/div>\r\n\t\t\t\t\t\t\t\t\r\n\t\t\t\t\t\t\t\t\t\t\t\t\t\t\t\t<div class=\"credentials\">\r\n\t\t\t\t\t\t\t\t\t<span class=\"company\">Shopify<\/span>\t\t\t\t\t\t\t\t<\/div>\r\n\t\t\t\t\t\t\t\t\t\t\t\t\t\t\t\t\t\t\t\t\t\t\t\t\t\t<\/li>\r\n\r\n\t\t\t\t\r\n\t\t\t\t\t<li class=\"slide\">\r\n\t\t\t            \t\t\t\t\t\t\t\t\t\t\t\t\t\t<div class=\"quote no-title\" style=\"color: #FF1C42;\">\r\n\t\t\t\t\t\t\t\t&quot;Building community and trust is the foundation of any successful online marketplace.&quot;\t\t\t\t\t\t\t<\/div>\r\n\t\t\t\t\t\t\t\r\n\t\t\t\t\t\t\t\t\t\t\t\t\t\t\t<div class=\"name\">Brian Chesky<\/div>\r\n\t\t\t\t\t\t\t\t\r\n\t\t\t\t\t\t\t\t\t\t\t\t\t\t\t\t<div class=\"credentials\">\r\n\t\t\t\t\t\t\t\t\t<span class=\"company\">Airbnb<\/span>\t\t\t\t\t\t\t\t<\/div>\r\n\t\t\t\t\t\t\t\t\t\t\t\t\t\t\t\t\t\t\t\t\t\t\t\t\t\t<\/li>\r\n\r\n\t\t\t\t\t\t\t\t\r\n\t\t\t<\/ul>\r\n\t\t\t\r\n\t\t\t<div class=\"controls-container\">\r\n\t\t\t\t<div class=\"controls\">\r\n\t\t\t\t\t<div class=\"prev\" style=\"background-color: #CACACA;\">\r\n\t\t\t\t\t\t<i class=\"ycqmot-fa ycqmot-fa-angle-left\"><\/i>\r\n\t\t\t\t\t\t<div class=\"rollover\" style=\"background-color: #000000;\"><\/div>\r\n\t\t\t\t\t<\/div>\r\n\t\t\t\t\t<div class=\"next\" style=\"background-color: #CACACA;\">\r\n\t\t\t\t\t\t<i class=\"ycqmot-fa ycqmot-fa-angle-right\"><\/i>\r\n\t\t\t\t\t\t<div class=\"rollover\" style=\"background-color: #000000;\"><\/div>\r\n\t\t\t\t\t<\/div>\r\n\t\t\t\t<\/div>\r\n\t\t\t<\/div>\r\n\t\t\t\r\n\t\t<\/div>\r\n\t\t\r\n\t\t<script type=\"text\/javascript\">\r\n\t\t\tjQuery(window).on('load', function() {\r\n\t\t\t\tnew YouCanQuoteMeOnThat( '#you-can-quote-me-on-that-69d501bc82ba5', {\r\n\t\t\t\t\tspeed: 800,\r\n\t\t\t\t\tslideshow: 1,\r\n\t\t\t\t\tslideshowSpeed: 3000\t\t\t\t})\r\n\t\t\t});\r\n\t\t<\/script>\r\n\r\n\t\n<\/div><\/div>\n\n\n\n<div class=\"wp-block-group alignfull has-global-padding is-layout-constrained wp-block-group-is-layout-constrained\" style=\"margin-top:0;margin-bottom:0\">\n<div class=\"wp-block-group alignwide is-layout-grid wp-container-core-group-is-layout-5fdb10e5 wp-block-group-is-layout-grid\" style=\"padding-top:var(--wp--preset--spacing--50);padding-bottom:var(--wp--preset--spacing--50)\">\n<div class=\"wp-block-group is-vertical is-content-justification-stretch is-nowrap is-layout-flex wp-container-core-group-is-layout-627337ab wp-block-group-is-layout-flex\">\n<div class=\"wp-block-group is-vertical is-content-justification-left is-layout-flex wp-container-core-group-is-layout-dd225191 wp-block-group-is-layout-flex\">\n<h2 class=\"wp-block-heading is-style-text-annotation is-style-text-annotation--1\"><strong>\u00dcber uns<\/strong><\/h2>\n\n\n\n<p class=\"is-style-text-subtitle is-style-text-subtitle--2\">Wir sind eine engagierte Gruppe von E-Commerce-Umsch\u00fcler:innen am Miqr, die mit diesem Projekt einen lebendigen Lern- und Praxisraum schaffen m\u00f6chten. Unsere Vision ist es, einen Ort zu bieten, an dem die betreuenden Umsch\u00fcler:innen praktisch \u00fcben, sich kreativ entfalten und wertvolle Erfahrungen f\u00fcr den Einstieg in die E-Commerce-Branche sammeln k\u00f6nnen.<\/p>\n\n\n\n<p>Unser Konzept ist doppelt motiviert: Einerseits m\u00f6chten wir anderen Umsch\u00fcler:innen n\u00fctzliche Ressourcen zur Verf\u00fcgung stellen \u2013 von Download-Vorlagen und \u00dcbungsaufgaben bis hin zu g\u00fcnstigen Fachb\u00fcchern rund um Webdesign und E-Commerce. Andererseits nutzen wir diesen Shop selbst als \u00dcbungsfeld, um in Bereichen wie SEO-Optimierung, Webanalyse und praktischer Shop-Gestaltung aktiv zu lernen.<\/p>\n\n\n\n<p>Unsere Produktpalette besteht aus den Materialien, die uns privat zur Verf\u00fcgung stehen. Wir greifen auf sorgf\u00e4ltig ausgew\u00e4hlte B\u00fccher und \u00dcbungsaufgaben zur\u00fcck, die uns im Bereich Webdesign und E-Commerce unterst\u00fctzen. Erg\u00e4nzt wird unser Angebot durch eine kleine Auswahl an themenbezogenen Hardware- und Softwareprodukten, die uns im t\u00e4glichen Lernprozess begegnen. Da es uns nicht um Profit geht, sondern darum, Qualit\u00e4t und Funktionalit\u00e4t dieser Einzelst\u00fccke in den Mittelpunkt zu stellen, kaufen wir nicht gezielt daf\u00fcr ein, sondern nutzen, was uns zur Verf\u00fcgung steht.<\/p>\n\n\n\n<p>Wir richten uns an alle, die sich f\u00fcr E-Commerce interessieren \u2013 insbesondere an Umsch\u00fcler:innen, die praxisnah in die Welt des Online-Handels eintauchen m\u00f6chten. Unser Shop ist mehr als nur ein Marktplatz: Er ist ein Raum f\u00fcr Austausch, gegenseitige Unterst\u00fctzung und gemeinsames Lernen. Unser Support steht bereit, um Fragen zu beantworten und den Dialog zu f\u00f6rdern.<\/p>\n\n\n\n<p>Unsere Reise hat gerade erst begonnen. Unter der stetigen Betreuung unserer Dozent:innen und dem kreativen Input aus jeder neuen Umschulungsklasse w\u00e4chst und entwickelt sich unser Shop kontinuierlich weiter. In Zukunft planen wir, fachliche Artikel und weitere interaktive Elemente zu integrieren, die den Austausch innerhalb der Community f\u00f6rdern und uns alle noch besser auf die Herausforderungen der E-Commerce-Branche vorbereiten.<\/p>\n\n\n\n<p class=\"is-style-text-subtitle is-style-text-subtitle--3\">Kontaktier uns gerne \u00fcber die angegebenen Mail-Adressen \u2013 wir freuen uns auf Ideen, Anregungen und den gemeinsamen Austausch. Denn letztlich geht es uns darum, E-Commerce zu leben, zu lernen und zu gestalten.<\/p>\n<\/div>\n\n\n\n<figure class=\"wp-block-image size-full wp-duotone-unset-4\"><img loading=\"lazy\" decoding=\"async\" width=\"1280\" height=\"813\" src=\"https:\/\/umschulung-e-commerce.de\/onlineshop\/wp-content\/uploads\/2025\/04\/online-6817350_1280.jpg\" alt=\"\" class=\"wp-image-218\" style=\"aspect-ratio:16\/9;object-fit:cover\" srcset=\"https:\/\/umschulung-e-commerce.de\/onlineshop\/wp-content\/uploads\/2025\/04\/online-6817350_1280.jpg 1280w, https:\/\/umschulung-e-commerce.de\/onlineshop\/wp-content\/uploads\/2025\/04\/online-6817350_1280-300x191.jpg 300w, https:\/\/umschulung-e-commerce.de\/onlineshop\/wp-content\/uploads\/2025\/04\/online-6817350_1280-900x572.jpg 900w, https:\/\/umschulung-e-commerce.de\/onlineshop\/wp-content\/uploads\/2025\/04\/online-6817350_1280-768x488.jpg 768w, https:\/\/umschulung-e-commerce.de\/onlineshop\/wp-content\/uploads\/2025\/04\/online-6817350_1280-600x381.jpg 600w\" sizes=\"auto, (max-width: 1280px) 100vw, 1280px\" \/><\/figure>\n<\/div>\n\n\n\n<figure class=\"wp-block-image size-full wp-container-content-5fd69529\"><img loading=\"lazy\" decoding=\"async\" width=\"1299\" height=\"2560\" src=\"https:\/\/umschulung-e-commerce.de\/onlineshop\/wp-content\/uploads\/2025\/04\/scan_20250402144654-scaled.jpg\" alt=\"\" class=\"wp-image-113\" style=\"aspect-ratio:3\/4;object-fit:cover\" srcset=\"https:\/\/umschulung-e-commerce.de\/onlineshop\/wp-content\/uploads\/2025\/04\/scan_20250402144654-scaled.jpg 1299w, https:\/\/umschulung-e-commerce.de\/onlineshop\/wp-content\/uploads\/2025\/04\/scan_20250402144654-152x300.jpg 152w, https:\/\/umschulung-e-commerce.de\/onlineshop\/wp-content\/uploads\/2025\/04\/scan_20250402144654-520x1024.jpg 520w, https:\/\/umschulung-e-commerce.de\/onlineshop\/wp-content\/uploads\/2025\/04\/scan_20250402144654-768x1513.jpg 768w, https:\/\/umschulung-e-commerce.de\/onlineshop\/wp-content\/uploads\/2025\/04\/scan_20250402144654-780x1536.jpg 780w, https:\/\/umschulung-e-commerce.de\/onlineshop\/wp-content\/uploads\/2025\/04\/scan_20250402144654-1039x2048.jpg 1039w, https:\/\/umschulung-e-commerce.de\/onlineshop\/wp-content\/uploads\/2025\/04\/scan_20250402144654-600x1182.jpg 600w\" sizes=\"auto, (max-width: 1299px) 100vw, 1299px\" \/><\/figure>\n<\/div>\n<\/div>\n\n\n\n<div class=\"wp-block-group alignfull has-global-padding is-layout-constrained wp-block-group-is-layout-constrained\" style=\"margin-top:0;margin-bottom:0\">\n<div class=\"wp-block-group alignwide is-layout-flow wp-container-core-group-is-layout-d58a0413 wp-block-group-is-layout-flow\" style=\"padding-top:var(--wp--preset--spacing--50);padding-bottom:var(--wp--preset--spacing--50)\">\n<h2 class=\"wp-block-heading has-x-large-font-size\">FAQ &#8211; H\u00e4ufig gestellte Fragen<\/h2>\n\n\n\n<div class=\"wp-block-columns is-layout-flex wp-container-core-columns-is-layout-cbe57604 wp-block-columns-is-layout-flex\">\n<div class=\"wp-block-column is-layout-flow wp-block-column-is-layout-flow\">\n<div class=\"wp-block-group is-layout-flow wp-block-group-is-layout-flow\" style=\"border-top-color:var(--wp--preset--color--accent-6);border-top-width:1px;padding-top:var(--wp--preset--spacing--30);padding-bottom:var(--wp--preset--spacing--30)\">\n<h3 class=\"wp-block-heading\">Wer steckt hinter dieser Webseite?<\/h3>\n\n\n\n<p>Diese Seite wird von E-Commerce-Umsch\u00fcler:innen am MiQR betreut. Sie dient als Praxisprojekt und Lernplattform rund um das Thema E-Commerce.<\/p>\n<\/div>\n\n\n\n<div class=\"wp-block-group is-layout-flow wp-block-group-is-layout-flow\" style=\"border-top-color:var(--wp--preset--color--accent-6);border-top-width:1px;padding-top:var(--wp--preset--spacing--30);padding-bottom:var(--wp--preset--spacing--30)\">\n<h3 class=\"wp-block-heading\">Was ist das Ziel dieser Plattform?<\/h3>\n\n\n\n<p>Unser Ziel ist es, einen Ort zu schaffen, an dem man Lernmaterialien findet, sich mit anderen Umsch\u00fcler:innen vernetzen und praxisnah Erfahrungen im Onlinehandel sammeln kann.<\/p>\n<\/div>\n<\/div>\n\n\n\n<div class=\"wp-block-column is-layout-flow wp-block-column-is-layout-flow\">\n<div class=\"wp-block-group is-layout-flow wp-block-group-is-layout-flow\" style=\"border-top-color:var(--wp--preset--color--accent-6);border-top-width:1px;padding-top:var(--wp--preset--spacing--30);padding-bottom:var(--wp--preset--spacing--30)\">\n<h3 class=\"wp-block-heading\">Sind die angebotenen Produkte neu oder gebraucht?<\/h3>\n\n\n\n<p>Die meisten Produkte stammen aus unserem eigenen Bestand. Wir pr\u00fcfen sie auf Funktion und Qualit\u00e4t \u2013 sie sind also gebraucht, aber sorgf\u00e4ltig ausgew\u00e4hlt.<\/p>\n<\/div>\n\n\n\n<div class=\"wp-block-group is-layout-flow wp-block-group-is-layout-flow\" style=\"border-top-color:var(--wp--preset--color--accent-6);border-top-width:1px;padding-top:var(--wp--preset--spacing--30);padding-bottom:var(--wp--preset--spacing--30)\">\n<h3 class=\"wp-block-heading\">Wie kann ich Teil des Projekts werden oder mitwirken?<\/h3>\n\n\n\n<p>Momentan ist die Mitarbeit nur den teilnehmenden Umsch\u00fcler:innen vorbehalten, aber wir freuen uns \u00fcber Austausch und Beitr\u00e4ge von au\u00dfen \u2013 zum Beispiel durch inhaltliche Spenden.<\/p>\n<\/div>\n<\/div>\n<\/div>\n\n\n\n<div class=\"wp-block-columns is-layout-flex wp-container-core-columns-is-layout-cbe57604 wp-block-columns-is-layout-flex\">\n<div class=\"wp-block-column is-layout-flow wp-block-column-is-layout-flow\">\n<div class=\"wp-block-group is-layout-flow wp-block-group-is-layout-flow\" style=\"border-top-color:var(--wp--preset--color--accent-6);border-top-width:1px;padding-top:var(--wp--preset--spacing--30);padding-bottom:var(--wp--preset--spacing--30)\">\n<h3 class=\"wp-block-heading\">Warum sind die Preise teilweise so niedrig?<\/h3>\n\n\n\n<p>Weil es uns nicht ums Geldverdienen geht. Wir wollen Dinge weitergeben, die anderen im Lernprozess helfen k\u00f6nnen.<\/p>\n<\/div>\n<\/div>\n\n\n\n<div class=\"wp-block-column is-layout-flow wp-block-column-is-layout-flow\">\n<div class=\"wp-block-group is-layout-flow wp-block-group-is-layout-flow\" style=\"border-top-color:var(--wp--preset--color--accent-6);border-top-width:1px;padding-top:var(--wp--preset--spacing--30);padding-bottom:var(--wp--preset--spacing--30)\">\n<h3 class=\"wp-block-heading\">Welche Art von Inhalten finde ich auf der Seite?<\/h3>\n\n\n\n<p>Von E-Commerce-Sachb\u00fcchern und Softwaretipps \u00fcber praktische \u00dcbungsaufgaben bis hin zu Einzelst\u00fccken aus der Praxis \u2013 alles, was uns im Lernalltag begegnet.<\/p>\n<\/div>\n<\/div>\n<\/div>\n<\/div>\n<\/div>\n\n\n\n<div class=\"wp-block-group alignfull has-global-padding is-layout-constrained wp-container-core-group-is-layout-08655630 wp-block-group-is-layout-constrained\" style=\"margin-top:0;margin-bottom:0;padding-top:var(--wp--preset--spacing--80);padding-bottom:var(--wp--preset--spacing--80)\">\n<div class=\"wp-block-group alignwide is-layout-flow wp-block-group-is-layout-flow\">\n<p class=\"has-text-align-center is-style-text-display is-style-text-display--5\" style=\"font-style:normal;font-weight:400\">Hast du Fragen? <br><a href=\"#\" rel=\"nofollow\">Dann kannst uns gerne kontaktieren.<\/a><\/p>\n<\/div>\n<\/div>\n\n\n\n<p><\/p>\n","protected":false},"excerpt":{"rendered":"<p>\u00dcber uns Wir sind eine engagierte Gruppe von E-Commerce-Umsch\u00fcler:innen am Miqr, die mit diesem Projekt einen lebendigen Lern- und Praxisraum schaffen m\u00f6chten. Unsere Vision ist es, einen Ort zu bieten, an dem die betreuenden Umsch\u00fcler:innen praktisch \u00fcben, sich kreativ entfalten und wertvolle Erfahrungen f\u00fcr den Einstieg in die E-Commerce-Branche sammeln k\u00f6nnen. Unser Konzept ist doppelt [&hellip;]<\/p>\n","protected":false},"author":1,"featured_media":0,"parent":0,"menu_order":0,"comment_status":"closed","ping_status":"closed","template":"","meta":{"footnotes":""},"class_list":["post-158","page","type-page","status-publish","hentry"],"yoast_head":"<!-- This site is optimized with the Yoast SEO plugin v25.3.1 - https:\/\/yoast.com\/wordpress\/plugins\/seo\/ -->\n<title>\u00dcber uns - Einfach-E-Commerce - Einfach-E-Commerce<\/title>\n<meta name=\"robots\" content=\"index, follow, max-snippet:-1, max-image-preview:large, max-video-preview:-1\" \/>\n<link rel=\"canonical\" href=\"https:\/\/umschulung-e-commerce.de\/onlineshop\/ueber-uns-einfach-e-commerce\/\" \/>\n<meta property=\"og:locale\" content=\"de_DE\" \/>\n<meta property=\"og:type\" content=\"article\" \/>\n<meta property=\"og:title\" content=\"\u00dcber uns - Einfach-E-Commerce - Einfach-E-Commerce\" \/>\n<meta property=\"og:description\" content=\"\u00dcber uns Wir sind eine engagierte Gruppe von E-Commerce-Umsch\u00fcler:innen am Miqr, die mit diesem Projekt einen lebendigen Lern- und Praxisraum schaffen m\u00f6chten. Unsere Vision ist es, einen Ort zu bieten, an dem die betreuenden Umsch\u00fcler:innen praktisch \u00fcben, sich kreativ entfalten und wertvolle Erfahrungen f\u00fcr den Einstieg in die E-Commerce-Branche sammeln k\u00f6nnen. Unser Konzept ist doppelt [&hellip;]\" \/>\n<meta property=\"og:url\" content=\"https:\/\/umschulung-e-commerce.de\/onlineshop\/ueber-uns-einfach-e-commerce\/\" \/>\n<meta property=\"og:site_name\" content=\"Einfach-E-Commerce\" \/>\n<meta property=\"article:modified_time\" content=\"2025-04-04T07:10:12+00:00\" \/>\n<meta property=\"og:image\" content=\"http:\/\/umschulung-e-commerce.de\/onlineshop\/wp-content\/uploads\/2025\/04\/ueber-uns-seite-2-1.jpg\" \/>\n<meta name=\"twitter:card\" content=\"summary_large_image\" \/>\n<meta name=\"twitter:label1\" content=\"Gesch\u00e4tzte Lesezeit\" \/>\n\t<meta name=\"twitter:data1\" content=\"3\u00a0Minuten\" \/>\n<script type=\"application\/ld+json\" class=\"yoast-schema-graph\">{\"@context\":\"https:\/\/schema.org\",\"@graph\":[{\"@type\":\"WebPage\",\"@id\":\"https:\/\/umschulung-e-commerce.de\/onlineshop\/ueber-uns-einfach-e-commerce\/\",\"url\":\"https:\/\/umschulung-e-commerce.de\/onlineshop\/ueber-uns-einfach-e-commerce\/\",\"name\":\"\u00dcber uns - Einfach-E-Commerce - Einfach-E-Commerce\",\"isPartOf\":{\"@id\":\"https:\/\/umschulung-e-commerce.de\/onlineshop\/#website\"},\"primaryImageOfPage\":{\"@id\":\"https:\/\/umschulung-e-commerce.de\/onlineshop\/ueber-uns-einfach-e-commerce\/#primaryimage\"},\"image\":{\"@id\":\"https:\/\/umschulung-e-commerce.de\/onlineshop\/ueber-uns-einfach-e-commerce\/#primaryimage\"},\"thumbnailUrl\":\"http:\/\/umschulung-e-commerce.de\/onlineshop\/wp-content\/uploads\/2025\/04\/ueber-uns-seite-2-1.jpg\",\"datePublished\":\"2025-04-03T11:44:11+00:00\",\"dateModified\":\"2025-04-04T07:10:12+00:00\",\"breadcrumb\":{\"@id\":\"https:\/\/umschulung-e-commerce.de\/onlineshop\/ueber-uns-einfach-e-commerce\/#breadcrumb\"},\"inLanguage\":\"de\",\"potentialAction\":[{\"@type\":\"ReadAction\",\"target\":[\"https:\/\/umschulung-e-commerce.de\/onlineshop\/ueber-uns-einfach-e-commerce\/\"]}]},{\"@type\":\"ImageObject\",\"inLanguage\":\"de\",\"@id\":\"https:\/\/umschulung-e-commerce.de\/onlineshop\/ueber-uns-einfach-e-commerce\/#primaryimage\",\"url\":\"http:\/\/umschulung-e-commerce.de\/onlineshop\/wp-content\/uploads\/2025\/04\/ueber-uns-seite-2-1.jpg\",\"contentUrl\":\"http:\/\/umschulung-e-commerce.de\/onlineshop\/wp-content\/uploads\/2025\/04\/ueber-uns-seite-2-1.jpg\"},{\"@type\":\"BreadcrumbList\",\"@id\":\"https:\/\/umschulung-e-commerce.de\/onlineshop\/ueber-uns-einfach-e-commerce\/#breadcrumb\",\"itemListElement\":[{\"@type\":\"ListItem\",\"position\":1,\"name\":\"Startseite\",\"item\":\"https:\/\/umschulung-e-commerce.de\/onlineshop\/\"},{\"@type\":\"ListItem\",\"position\":2,\"name\":\"\u00dcber uns &#8211; Einfach-E-Commerce\"}]},{\"@type\":\"WebSite\",\"@id\":\"https:\/\/umschulung-e-commerce.de\/onlineshop\/#website\",\"url\":\"https:\/\/umschulung-e-commerce.de\/onlineshop\/\",\"name\":\"Einfach-E-Commerce\",\"description\":\"\",\"publisher\":{\"@id\":\"https:\/\/umschulung-e-commerce.de\/onlineshop\/#\/schema\/person\/52501e5c81591029852809716b7a7924\"},\"potentialAction\":[{\"@type\":\"SearchAction\",\"target\":{\"@type\":\"EntryPoint\",\"urlTemplate\":\"https:\/\/umschulung-e-commerce.de\/onlineshop\/?s={search_term_string}\"},\"query-input\":{\"@type\":\"PropertyValueSpecification\",\"valueRequired\":true,\"valueName\":\"search_term_string\"}}],\"inLanguage\":\"de\"},{\"@type\":[\"Person\",\"Organization\"],\"@id\":\"https:\/\/umschulung-e-commerce.de\/onlineshop\/#\/schema\/person\/52501e5c81591029852809716b7a7924\",\"name\":\"Umschulung-E-Com\",\"image\":{\"@type\":\"ImageObject\",\"inLanguage\":\"de\",\"@id\":\"https:\/\/umschulung-e-commerce.de\/onlineshop\/#\/schema\/person\/image\/\",\"url\":\"https:\/\/umschulung-e-commerce.de\/onlineshop\/wp-content\/uploads\/2025\/04\/Einfach-E-Commerce-2-1.png\",\"contentUrl\":\"https:\/\/umschulung-e-commerce.de\/onlineshop\/wp-content\/uploads\/2025\/04\/Einfach-E-Commerce-2-1.png\",\"width\":500,\"height\":430,\"caption\":\"Umschulung-E-Com\"},\"logo\":{\"@id\":\"https:\/\/umschulung-e-commerce.de\/onlineshop\/#\/schema\/person\/image\/\"},\"sameAs\":[\"http:\/\/umschulung-e-commerce.de\/onlineshop\"]}]}<\/script>\n<!-- \/ Yoast SEO plugin. -->","yoast_head_json":{"title":"\u00dcber uns - Einfach-E-Commerce - Einfach-E-Commerce","robots":{"index":"index","follow":"follow","max-snippet":"max-snippet:-1","max-image-preview":"max-image-preview:large","max-video-preview":"max-video-preview:-1"},"canonical":"https:\/\/umschulung-e-commerce.de\/onlineshop\/ueber-uns-einfach-e-commerce\/","og_locale":"de_DE","og_type":"article","og_title":"\u00dcber uns - Einfach-E-Commerce - Einfach-E-Commerce","og_description":"\u00dcber uns Wir sind eine engagierte Gruppe von E-Commerce-Umsch\u00fcler:innen am Miqr, die mit diesem Projekt einen lebendigen Lern- und Praxisraum schaffen m\u00f6chten. Unsere Vision ist es, einen Ort zu bieten, an dem die betreuenden Umsch\u00fcler:innen praktisch \u00fcben, sich kreativ entfalten und wertvolle Erfahrungen f\u00fcr den Einstieg in die E-Commerce-Branche sammeln k\u00f6nnen. Unser Konzept ist doppelt [&hellip;]","og_url":"https:\/\/umschulung-e-commerce.de\/onlineshop\/ueber-uns-einfach-e-commerce\/","og_site_name":"Einfach-E-Commerce","article_modified_time":"2025-04-04T07:10:12+00:00","og_image":[{"url":"http:\/\/umschulung-e-commerce.de\/onlineshop\/wp-content\/uploads\/2025\/04\/ueber-uns-seite-2-1.jpg","type":"","width":"","height":""}],"twitter_card":"summary_large_image","twitter_misc":{"Gesch\u00e4tzte Lesezeit":"3\u00a0Minuten"},"schema":{"@context":"https:\/\/schema.org","@graph":[{"@type":"WebPage","@id":"https:\/\/umschulung-e-commerce.de\/onlineshop\/ueber-uns-einfach-e-commerce\/","url":"https:\/\/umschulung-e-commerce.de\/onlineshop\/ueber-uns-einfach-e-commerce\/","name":"\u00dcber uns - Einfach-E-Commerce - Einfach-E-Commerce","isPartOf":{"@id":"https:\/\/umschulung-e-commerce.de\/onlineshop\/#website"},"primaryImageOfPage":{"@id":"https:\/\/umschulung-e-commerce.de\/onlineshop\/ueber-uns-einfach-e-commerce\/#primaryimage"},"image":{"@id":"https:\/\/umschulung-e-commerce.de\/onlineshop\/ueber-uns-einfach-e-commerce\/#primaryimage"},"thumbnailUrl":"http:\/\/umschulung-e-commerce.de\/onlineshop\/wp-content\/uploads\/2025\/04\/ueber-uns-seite-2-1.jpg","datePublished":"2025-04-03T11:44:11+00:00","dateModified":"2025-04-04T07:10:12+00:00","breadcrumb":{"@id":"https:\/\/umschulung-e-commerce.de\/onlineshop\/ueber-uns-einfach-e-commerce\/#breadcrumb"},"inLanguage":"de","potentialAction":[{"@type":"ReadAction","target":["https:\/\/umschulung-e-commerce.de\/onlineshop\/ueber-uns-einfach-e-commerce\/"]}]},{"@type":"ImageObject","inLanguage":"de","@id":"https:\/\/umschulung-e-commerce.de\/onlineshop\/ueber-uns-einfach-e-commerce\/#primaryimage","url":"http:\/\/umschulung-e-commerce.de\/onlineshop\/wp-content\/uploads\/2025\/04\/ueber-uns-seite-2-1.jpg","contentUrl":"http:\/\/umschulung-e-commerce.de\/onlineshop\/wp-content\/uploads\/2025\/04\/ueber-uns-seite-2-1.jpg"},{"@type":"BreadcrumbList","@id":"https:\/\/umschulung-e-commerce.de\/onlineshop\/ueber-uns-einfach-e-commerce\/#breadcrumb","itemListElement":[{"@type":"ListItem","position":1,"name":"Startseite","item":"https:\/\/umschulung-e-commerce.de\/onlineshop\/"},{"@type":"ListItem","position":2,"name":"\u00dcber uns &#8211; Einfach-E-Commerce"}]},{"@type":"WebSite","@id":"https:\/\/umschulung-e-commerce.de\/onlineshop\/#website","url":"https:\/\/umschulung-e-commerce.de\/onlineshop\/","name":"Einfach-E-Commerce","description":"","publisher":{"@id":"https:\/\/umschulung-e-commerce.de\/onlineshop\/#\/schema\/person\/52501e5c81591029852809716b7a7924"},"potentialAction":[{"@type":"SearchAction","target":{"@type":"EntryPoint","urlTemplate":"https:\/\/umschulung-e-commerce.de\/onlineshop\/?s={search_term_string}"},"query-input":{"@type":"PropertyValueSpecification","valueRequired":true,"valueName":"search_term_string"}}],"inLanguage":"de"},{"@type":["Person","Organization"],"@id":"https:\/\/umschulung-e-commerce.de\/onlineshop\/#\/schema\/person\/52501e5c81591029852809716b7a7924","name":"Umschulung-E-Com","image":{"@type":"ImageObject","inLanguage":"de","@id":"https:\/\/umschulung-e-commerce.de\/onlineshop\/#\/schema\/person\/image\/","url":"https:\/\/umschulung-e-commerce.de\/onlineshop\/wp-content\/uploads\/2025\/04\/Einfach-E-Commerce-2-1.png","contentUrl":"https:\/\/umschulung-e-commerce.de\/onlineshop\/wp-content\/uploads\/2025\/04\/Einfach-E-Commerce-2-1.png","width":500,"height":430,"caption":"Umschulung-E-Com"},"logo":{"@id":"https:\/\/umschulung-e-commerce.de\/onlineshop\/#\/schema\/person\/image\/"},"sameAs":["http:\/\/umschulung-e-commerce.de\/onlineshop"]}]}},"_links":{"self":[{"href":"https:\/\/umschulung-e-commerce.de\/onlineshop\/wp-json\/wp\/v2\/pages\/158","targetHints":{"allow":["GET"]}}],"collection":[{"href":"https:\/\/umschulung-e-commerce.de\/onlineshop\/wp-json\/wp\/v2\/pages"}],"about":[{"href":"https:\/\/umschulung-e-commerce.de\/onlineshop\/wp-json\/wp\/v2\/types\/page"}],"author":[{"embeddable":true,"href":"https:\/\/umschulung-e-commerce.de\/onlineshop\/wp-json\/wp\/v2\/users\/1"}],"replies":[{"embeddable":true,"href":"https:\/\/umschulung-e-commerce.de\/onlineshop\/wp-json\/wp\/v2\/comments?post=158"}],"version-history":[{"count":9,"href":"https:\/\/umschulung-e-commerce.de\/onlineshop\/wp-json\/wp\/v2\/pages\/158\/revisions"}],"predecessor-version":[{"id":225,"href":"https:\/\/umschulung-e-commerce.de\/onlineshop\/wp-json\/wp\/v2\/pages\/158\/revisions\/225"}],"wp:attachment":[{"href":"https:\/\/umschulung-e-commerce.de\/onlineshop\/wp-json\/wp\/v2\/media?parent=158"}],"curies":[{"name":"wp","href":"https:\/\/api.w.org\/{rel}","templated":true}]}}